{"id":984,"date":"2021-07-19T10:20:34","date_gmt":"2021-07-19T10:20:34","guid":{"rendered":"https:\/\/www.dasaspottery.si\/?page_id=984"},"modified":"2021-07-19T10:36:05","modified_gmt":"2021-07-19T10:36:05","slug":"piskotki","status":"publish","type":"page","link":"https:\/\/www.dasaspottery.si\/en\/piskotki\/","title":{"rendered":"Pi\u0161kotki"},"content":{"rendered":"<div class=\"cli_pg_page_contaner\">\n<h3>O politiki pi\u0161kotkov<\/h3>\n<div>\n<p>Ta politika o pi\u0161kotkih pojasnjuje, kaj so pi\u0161kotki in kako jih uporabljamo, vrste pi\u0161kotkov, ki jih uporabljamo, tj. Podatke, ki jih zbiramo s pomo\u010djo pi\u0161kotkov, in kako se te informacije uporabljajo ter kako nadzirati nastavitve pi\u0161kotkov. Za nadaljnje informacije o tem, kako uporabljamo, shranjujemo in varujemo va\u0161e osebne podatke, glejte na\u0161o politiko zasebnosti.<\/p>\n<p>Svojo privolitev lahko kadar koli spremenite ali umaknete iz izjave o pi\u0161kotkih na na\u0161i spletni strani<br \/>\nV na\u0161em pravilniku o zasebnosti preberite ve\u010d o tem, kdo smo, kako lahko stopite v stik z nami in kako obdelujemo osebne podatke.<br \/>\nVa\u0161e soglasje velja za naslednje domene: www.dasaspottery.si<br \/>\n<div class=\"cli_user_consent_state\">Va\u0161e trenutno stanje: Ni privolitve. <a class=\"cli_manage_current_consent\" style=\"cursor:pointer;text-decoration:underline;\">Upravljajte svojo privolitev.<\/a> <\/div><\/p>\n<\/div>\n<h3><\/h3>\n<h3>Kaj so pi\u0161kotki?<\/h3>\n<div>Pi\u0161kotki so majhne besedilne datoteke, ki se uporabljajo za shranjevanje majhnih podatkov. Ko se spletno mesto nalo\u017ei v brskalnik, se shranijo v va\u0161i napravi. Ti pi\u0161kotki nam pomagajo, da spletno mesto deluje pravilno, da je bolj varno, da bolj\u0161o uporabni\u0161ko izku\u0161njo in razumemo, kako deluje spletno mesto, ter analiziramo, kaj deluje in kje potrebuje izbolj\u0161ave.<\/div>\n<h3><\/h3>\n<h3>Kako uporabljamo pi\u0161kotke?<\/h3>\n<div>Kot ve\u010dina spletnih storitev tudi na\u0161e spletno mesto za ve\u010d namenov uporablja lastne in tuje pi\u0161kotke. Lastni pi\u0161kotki so ve\u010dinoma potrebni za pravilno delovanje spletnega mesta in ne zbirajo nobenih osebnih podatkov. Pi\u0161kotki tretjih oseb, uporabljeni na na\u0161em spletnem mestu, so v glavnem namenjeni razumevanju, kako deluje spletno mesto, kako komunicirate z na\u0161e spletno mesto, varovanje na\u0161ih storitev, zagotavljanje oglasov, ki so za vas pomembni, in vse skupaj vam zagotavlja bolj\u0161o in izbolj\u0161ano uporabni\u0161ko izku\u0161njo ter vam pomaga pospe\u0161iti prihodnje interakcije z na\u0161o spletno stranjo.<\/div>\n<h3><\/h3>\n<h3>Katere tipe pi\u0161kotkov uporabljamo?<\/h3>\n<div>Bistveno: Nekateri pi\u0161kotki so bistvenega pomena, da lahko izkusite popolno funkcionalnost na\u0161ega spletnega mesta. Omogo\u010dajo nam vzdr\u017eevanje uporabni\u0161kih sej in prepre\u010devanje kakr\u0161nih koli varnostnih gro\u017eenj. Ne zbirajo in ne shranjujejo nobenih osebnih podatkov. Ti pi\u0161kotki vam na primer omogo\u010dajo prijavo v ra\u010dun in dodajanje izdelkov v ko\u0161arico ter varno pla\u010devanje.<\/div>\n<div><\/div>\n<div>Statistika: Ti pi\u0161kotki hranijo podatke, kot so \u0161tevilo obiskovalcev spletnega mesta, \u0161tevilo edinstvenih obiskovalcev, katere strani spletnega mesta so bile obiskane, vir obiska itd. Ti podatki nam pomagajo razumeti in analizirati, kako dobro deluje spletno mesto in kjer ga je treba izbolj\u0161ati.<\/div>\n<div><\/div>\n<div>Tr\u017eenje: Na na\u0161em spletnem mestu so prikazani oglasi. Ti pi\u0161kotki se uporabljajo za prilagajanje oglasov, ki vam jih prika\u017eemo, tako da so za vas pomembni. Ti pi\u0161kotki nam tudi pomagajo slediti u\u010dinkovitosti teh ogla\u0161evalskih akcij.Informacije, shranjene v teh pi\u0161kotkih, lahko neodvisni ponudniki oglasov uporabijo tudi za prikaz oglasov na drugih spletnih mestih v brskalniku.<\/div>\n<div><\/div>\n<div>Funkcionalno: To so pi\u0161kotki, ki pomagajo nekaterim nebistvenim funkcionalnostim na\u0161ega spletnega mesta. Te funkcionalnosti vklju\u010dujejo vdelavo vsebine, kot so videoposnetki, ali skupno rabo vsebine spletnega mesta na platformah dru\u017eabnih medijev.<\/div>\n<div><\/div>\n<div>Nastavitve: Ti pi\u0161kotki nam pomagajo shraniti va\u0161e nastavitve in nastavitve brskanja, kot so jezikovne nastavitve, tako da imate bolj\u0161o in u\u010dinkovitej\u0161o izku\u0161njo ob prihodnjih obiskih spletnega mesta.<\/div>\n<div><\/div>\n<div><p>The below list details the cookies used in our website.<\/p><table class=\"cookielawinfo-row-cat-table cookielawinfo-classic\"><thead><tr><th class=\"cookielawinfo-column-1\">Pi\u0161kotek<\/th><th class=\"cookielawinfo-column-4\">Opis<\/th><\/tr><\/thead><tbody><tr class=\"cookielawinfo-row\"><td class=\"cookielawinfo-column-1\">_ga<\/td><td class=\"cookielawinfo-column-4\">Ta pi\u0161kotek namesti Google Analytics. Pi\u0161kotek se uporablja za izra\u010dun podatkov o obiskovalcih, sejah, kampanjah in spremljanje uporabe spletnega mesta za poro\u010dilo o analitiki spletnega mesta. Pi\u0161kotki anonimno shranjujejo podatke in dodelijo naklju\u010dno ustvarjeno \u0161tevilko za prepoznavanje edinstvenih obiskovalcev.<\/td><\/tr><tr class=\"cookielawinfo-row\"><td class=\"cookielawinfo-column-1\">_ga_114C4EHQJV<\/td><td class=\"cookielawinfo-column-4\">Ta pi\u0161kotek namesti Google Analytics.<\/td><\/tr><tr class=\"cookielawinfo-row\"><td class=\"cookielawinfo-column-1\">_gat_gtag_UA_109909154_1<\/td><td class=\"cookielawinfo-column-4\">Ta pi\u0161kotek nastavi Google in se uporablja za razlikovanje uporabnikov.<\/td><\/tr><tr class=\"cookielawinfo-row\"><td class=\"cookielawinfo-column-1\">_gat_gtag_UA_202621099_1<\/td><td class=\"cookielawinfo-column-4\">Ta pi\u0161kotek nastavi Google in se uporablja za razlikovanje uporabnikov.<\/td><\/tr><tr class=\"cookielawinfo-row\"><td class=\"cookielawinfo-column-1\">_gid<\/td><td class=\"cookielawinfo-column-4\">Ta pi\u0161kotek namesti Google Analytics. Pi\u0161kotek se uporablja za shranjevanje informacij o tem, kako obiskovalci uporabljajo spletno mesto, in pomaga pri ustvarjanju analiti\u010dnega poro\u010dila o tem, kako deluje spletno mesto. Zbrani podatki, vklju\u010dno s \u0161tevilom obiskovalcev, virom, od kod prihajajo, in anonimno prikazanimi stranmi.<\/td><\/tr><tr class=\"cookielawinfo-row\"><td class=\"cookielawinfo-column-1\">cookielawinfo-checkbox-advertisement<\/td><td class=\"cookielawinfo-column-4\">Pi\u0161kotek je nastavljen s soglasjem pi\u0161kotka GDPR, da zabele\u017ei soglasje uporabnika za pi\u0161kotke v kategoriji \"Oglas\".<\/td><\/tr><tr class=\"cookielawinfo-row\"><td class=\"cookielawinfo-column-1\">cookielawinfo-checkbox-analytics<\/td><td class=\"cookielawinfo-column-4\">Ta pi\u0161kotek nastavi vti\u010dnik GDPR Cookie Consent. Pi\u0161kotek se uporablja za shranjevanje soglasja uporabnika za pi\u0161kotke v kategoriji \"Analytics\".<\/td><\/tr><tr class=\"cookielawinfo-row\"><td class=\"cookielawinfo-column-1\">cookielawinfo-checkbox-functional<\/td><td class=\"cookielawinfo-column-4\">Pi\u0161kotek je nastavljen s soglasjem pi\u0161kotka GDPR, da zabele\u017ei soglasje uporabnika za pi\u0161kotke v kategoriji \"Funkcionalno\".<\/td><\/tr><tr class=\"cookielawinfo-row\"><td class=\"cookielawinfo-column-1\">cookielawinfo-checkbox-necessary<\/td><td class=\"cookielawinfo-column-4\">Ta pi\u0161kotek nastavi vti\u010dnik GDPR Cookie Consent. Pi\u0161kotki se uporabljajo za shranjevanje soglasja uporabnika za pi\u0161kotke v kategoriji \"Potrebno\".<\/td><\/tr><tr class=\"cookielawinfo-row\"><td class=\"cookielawinfo-column-1\">cookielawinfo-checkbox-others<\/td><td class=\"cookielawinfo-column-4\">Ta pi\u0161kotek nastavi vti\u010dnik GDPR Cookie Consent. Pi\u0161kotek se uporablja za shranjevanje soglasja uporabnika za pi\u0161kotke v kategoriji \u00bbDrugo.<\/td><\/tr><tr class=\"cookielawinfo-row\"><td class=\"cookielawinfo-column-1\">cookielawinfo-checkbox-performance<\/td><td class=\"cookielawinfo-column-4\">Ta pi\u0161kotek nastavi vti\u010dnik GDPR Cookie Consent. Pi\u0161kotek se uporablja za shranjevanje soglasja uporabnika za pi\u0161kotke v kategoriji \"Uspe\u0161nost\".<\/td><\/tr><tr class=\"cookielawinfo-row\"><td class=\"cookielawinfo-column-1\">elementor<\/td><td class=\"cookielawinfo-column-4\">Ta pi\u0161kotek uporablja tema spletnega mesta WordPress. Lastniku spletnega mesta omogo\u010da sprotno spreminjanje ali spreminjanje vsebine spletnega mesta.<\/td><\/tr><tr class=\"cookielawinfo-row\"><td class=\"cookielawinfo-column-1\">PH_HPXY_CHECK<\/td><td class=\"cookielawinfo-column-4\">Ta pi\u0161kotek se uporablja za shranjevanje informacij o trenutni seji.<\/td><\/tr><tr class=\"cookielawinfo-row\"><td class=\"cookielawinfo-column-1\">viewed_cookie_policy<\/td><td class=\"cookielawinfo-column-4\">Pi\u0161kotek nastavi vti\u010dnik GDPR Cookie Consent in se uporablja za shranjevanje, ali je uporabnik privolil v uporabo pi\u0161kotkov ali ne. Ne hrani nobenih osebnih podatkov.<\/td><\/tr><\/tbody><\/table><\/div>\n<h3><\/h3>\n<h3>Kako lahko nastavljam pi\u0161kotke?<\/h3>\n<div>\u010ce se pozneje med brskanjem odlo\u010dite spremeniti svoje nastavitve, lahko na zaslonu kliknete zavihek \u00bbZasebnost in pi\u0161kotki\u00ab. Ponovno bo prikazano obvestilo o soglasju, ki vam bo omogo\u010dilo, da spremenite svoje nastavitve ali v celoti umaknete soglasje. Poleg tega razli\u010dni brskalniki ponujajo razli\u010dne na\u010dine za blokiranje in brisanje pi\u0161kotkov, ki jih uporabljajo spletna mesta. Nastavitve brskalnika lahko spremenite tako, da pi\u0161kotke blokirate \/ izbri\u0161ete. \u010ce \u017eelite izvedeti ve\u010d o upravljanju in brisanju pi\u0161kotkov, obi\u0161\u010dite wikipedia.org, www.allaboutcookies.org.<\/div>\n<\/div>","protected":false},"excerpt":{"rendered":"<p>O politiki pi\u0161kotkov Ta politika o pi\u0161kotkih pojasnjuje, kaj so pi\u0161kotki in kako jih uporabljamo, vrste pi\u0161kotkov, ki jih uporabljamo, tj. Podatke, ki jih zbiramo s pomo\u010djo pi\u0161kotkov, in kako se te informacije uporabljajo ter kako nadzirati nastavitve pi\u0161kotkov. Za nadaljnje informacije o tem, kako uporabljamo, shranjujemo in varujemo va\u0161e osebne podatke, glejte na\u0161o politiko [&hellip;]<\/p>","protected":false},"author":3,"featured_media":0,"parent":0,"menu_order":0,"comment_status":"closed","ping_status":"closed","template":"","meta":{"ocean_post_layout":"full-width","ocean_both_sidebars_style":"","ocean_both_sidebars_content_width":0,"ocean_both_sidebars_sidebars_width":0,"ocean_sidebar":"0","ocean_second_sidebar":"0","ocean_disable_margins":"enable","ocean_add_body_class":"","ocean_shortcode_before_top_bar":"","ocean_shortcode_after_top_bar":"","ocean_shortcode_before_header":"","ocean_shortcode_after_header":"","ocean_has_shortcode":"","ocean_shortcode_after_title":"","ocean_shortcode_before_footer_widgets":"","ocean_shortcode_after_footer_widgets":"","ocean_shortcode_before_footer_bottom":"","ocean_shortcode_after_footer_bottom":"","ocean_display_top_bar":"default","ocean_display_header":"default","ocean_header_style":"","ocean_center_header_left_menu":"0","ocean_custom_header_template":"0","ocean_custom_logo":0,"ocean_custom_retina_logo":0,"ocean_custom_logo_max_width":0,"ocean_custom_logo_tablet_max_width":0,"ocean_custom_logo_mobile_max_width":0,"ocean_custom_logo_max_height":0,"ocean_custom_logo_tablet_max_height":0,"ocean_custom_logo_mobile_max_height":0,"ocean_header_custom_menu":"0","ocean_menu_typo_font_family":"0","ocean_menu_typo_font_subset":"","ocean_menu_typo_font_size":0,"ocean_menu_typo_font_size_tablet":0,"ocean_menu_typo_font_size_mobile":0,"ocean_menu_typo_font_size_unit":"px","ocean_menu_typo_font_weight":"","ocean_menu_typo_font_weight_tablet":"","ocean_menu_typo_font_weight_mobile":"","ocean_menu_typo_transform":"","ocean_menu_typo_transform_tablet":"","ocean_menu_typo_transform_mobile":"","ocean_menu_typo_line_height":0,"ocean_menu_typo_line_height_tablet":0,"ocean_menu_typo_line_height_mobile":0,"ocean_menu_typo_line_height_unit":"","ocean_menu_typo_spacing":0,"ocean_menu_typo_spacing_tablet":0,"ocean_menu_typo_spacing_mobile":0,"ocean_menu_typo_spacing_unit":"","ocean_menu_link_color":"","ocean_menu_link_color_hover":"","ocean_menu_link_color_active":"","ocean_menu_link_background":"","ocean_menu_link_hover_background":"","ocean_menu_link_active_background":"","ocean_menu_social_links_bg":"","ocean_menu_social_hover_links_bg":"","ocean_menu_social_links_color":"","ocean_menu_social_hover_links_color":"","ocean_disable_title":"default","ocean_disable_heading":"default","ocean_post_title":"","ocean_post_subheading":"","ocean_post_title_style":"","ocean_post_title_background_color":"","ocean_post_title_background":0,"ocean_post_title_bg_image_position":"","ocean_post_title_bg_image_attachment":"","ocean_post_title_bg_image_repeat":"","ocean_post_title_bg_image_size":"","ocean_post_title_height":0,"ocean_post_title_bg_overlay":0.5,"ocean_post_title_bg_overlay_color":"","ocean_disable_breadcrumbs":"default","ocean_breadcrumbs_color":"","ocean_breadcrumbs_separator_color":"","ocean_breadcrumbs_links_color":"","ocean_breadcrumbs_links_hover_color":"","ocean_display_footer_widgets":"default","ocean_display_footer_bottom":"default","ocean_custom_footer_template":"0","footnotes":""},"aioseo_notices":[],"_links":{"self":[{"href":"https:\/\/www.dasaspottery.si\/en\/wp-json\/wp\/v2\/pages\/984"}],"collection":[{"href":"https:\/\/www.dasaspottery.si\/en\/wp-json\/wp\/v2\/pages"}],"about":[{"href":"https:\/\/www.dasaspottery.si\/en\/wp-json\/wp\/v2\/types\/page"}],"author":[{"embeddable":true,"href":"https:\/\/www.dasaspottery.si\/en\/wp-json\/wp\/v2\/users\/3"}],"replies":[{"embeddable":true,"href":"https:\/\/www.dasaspottery.si\/en\/wp-json\/wp\/v2\/comments?post=984"}],"version-history":[{"count":6,"href":"https:\/\/www.dasaspottery.si\/en\/wp-json\/wp\/v2\/pages\/984\/revisions"}],"predecessor-version":[{"id":993,"href":"https:\/\/www.dasaspottery.si\/en\/wp-json\/wp\/v2\/pages\/984\/revisions\/993"}],"wp:attachment":[{"href":"https:\/\/www.dasaspottery.si\/en\/wp-json\/wp\/v2\/media?parent=984"}],"curies":[{"name":"wp","href":"https:\/\/api.w.org\/{rel}","templated":true}]}}