{"id":711,"date":"2020-06-11T09:35:32","date_gmt":"2020-06-11T09:35:32","guid":{"rendered":"http:\/\/www.dasaspottery.si\/?page_id=711"},"modified":"2023-12-21T08:01:27","modified_gmt":"2023-12-21T08:01:27","slug":"tecaj-oblikovanja-gline","status":"publish","type":"page","link":"https:\/\/www.dasaspottery.si\/en\/tecaj-oblikovanja-gline\/","title":{"rendered":"Te\u010daj oblikovanja gline"},"content":{"rendered":"<div data-elementor-type=\"wp-page\" data-elementor-id=\"711\" class=\"elementor elementor-711\" data-elementor-post-type=\"page\">\n\t\t\t\t\t\t<section class=\"elementor-section elementor-top-section elementor-element elementor-element-174df909 elementor-section-full_width elementor-section-height-default elementor-section-height-default\" data-id=\"174df909\" data-element_type=\"section\">\n\t\t\t\t\t\t<div class=\"elementor-container elementor-column-gap-no\">\n\t\t\t\t\t<div class=\"elementor-column elementor-col-100 elementor-top-column elementor-element elementor-element-7a1d0dbb\" data-id=\"7a1d0dbb\" data-element_type=\"column\">\n\t\t\t<div class=\"elementor-widget-wrap elementor-element-populated\">\n\t\t\t\t\t\t<div class=\"elementor-element elementor-element-28700458 elementor--h-position-center elementor--v-position-middle elementor-arrows-position-inside elementor-pagination-position-inside elementor-widget elementor-widget-slides\" data-id=\"28700458\" data-element_type=\"widget\" data-settings=\"{&quot;navigation&quot;:&quot;both&quot;,&quot;autoplay&quot;:&quot;yes&quot;,&quot;pause_on_hover&quot;:&quot;yes&quot;,&quot;pause_on_interaction&quot;:&quot;yes&quot;,&quot;autoplay_speed&quot;:5000,&quot;infinite&quot;:&quot;yes&quot;,&quot;transition&quot;:&quot;slide&quot;,&quot;transition_speed&quot;:500}\" data-widget_type=\"slides.default\">\n\t\t\t\t<div class=\"elementor-widget-container\">\n\t\t\t\t\t<div class=\"elementor-swiper\">\n\t\t\t<div class=\"elementor-slides-wrapper elementor-main-swiper swiper-container\" dir=\"ltr\" data-animation=\"fadeInUp\">\n\t\t\t\t<div class=\"swiper-wrapper elementor-slides\">\n\t\t\t\t\t\t\t\t\t\t<div class=\"elementor-repeater-item-3561a81 swiper-slide\"><div class=\"swiper-slide-bg\" role=\"img\"><\/div><div class=\"elementor-background-overlay\"><\/div><a class=\"swiper-slide-inner\" href=\"#tecaj-skleda-kroznik\"><div class=\"swiper-slide-contents\"><div class=\"elementor-slide-heading\">Izdelaj si svoj kro\u017enik ali skledo iz gline<\/div><div class=\"elementor-slide-description\">Pridru\u017eite se mi na kratkej te\u010daju kjer se boste nau\u010dili izdelati svoj kro\u017enik in\/ali skledo iz gline. <\/div><div  class=\"elementor-button elementor-slide-button elementor-size-sm\">BOOK A CLASS<\/div><\/div><\/a><\/div><div class=\"elementor-repeater-item-e893cb1 swiper-slide\"><div class=\"swiper-slide-bg\" role=\"img\"><\/div><a class=\"swiper-slide-inner\" href=\"#10-urni-tecaj\"><div class=\"swiper-slide-contents\"><div class=\"elementor-slide-heading\">10-urni te\u010daj vrtenja gline na lon\u010darskem vretenu<\/div><div class=\"elementor-slide-description\">The course is suitable for complete beginners as well as those who have already familiarized themselves with clay, but who would like to upgrade their knowledge. The level of difficulty and speed of teaching is adapted to the individual.<\/div><div  class=\"elementor-button elementor-slide-button elementor-size-sm\">BOOK A CLASS<\/div><\/div><\/a><\/div>\t\t\t\t<\/div>\n\t\t\t\t\t\t\t\t\t\t\t\t\t\t\t<div class=\"swiper-pagination\"><\/div>\n\t\t\t\t\t\t\t\t\t\t\t\t\t\t\t\t<div class=\"elementor-swiper-button elementor-swiper-button-prev\" role=\"button\" tabindex=\"0\">\n\t\t\t\t\t\t\t<i aria-hidden=\"true\" class=\"eicon-chevron-left\"><\/i>\t\t\t\t\t\t\t<span class=\"elementor-screen-only\">Previous slide<\/span>\n\t\t\t\t\t\t<\/div>\n\t\t\t\t\t\t<div class=\"elementor-swiper-button elementor-swiper-button-next\" role=\"button\" tabindex=\"0\">\n\t\t\t\t\t\t\t<i aria-hidden=\"true\" class=\"eicon-chevron-right\"><\/i>\t\t\t\t\t\t\t<span class=\"elementor-screen-only\">Next slide<\/span>\n\t\t\t\t\t\t<\/div>\n\t\t\t\t\t\t\t\t\t\t\t\t<\/div>\n\t\t<\/div>\n\t\t\t\t<\/div>\n\t\t\t\t<\/div>\n\t\t\t\t\t<\/div>\n\t\t<\/div>\n\t\t\t\t\t<\/div>\n\t\t<\/section>\n\t\t\t\t<section class=\"elementor-section elementor-top-section elementor-element elementor-element-d1733ec elementor-section-content-middle elementor-section-boxed elementor-section-height-default elementor-section-height-default\" data-id=\"d1733ec\" data-element_type=\"section\" id=\"10-urni-tecaj\">\n\t\t\t\t\t\t<div class=\"elementor-container elementor-column-gap-wider\">\n\t\t\t\t\t<div class=\"elementor-column elementor-col-50 elementor-top-column elementor-element elementor-element-b032cb0 elementor-hidden-tablet elementor-hidden-phone\" data-id=\"b032cb0\" data-element_type=\"column\" data-settings=\"{&quot;background_background&quot;:&quot;classic&quot;}\">\n\t\t\t<div class=\"elementor-widget-wrap\">\n\t\t\t\t\t\t\t<\/div>\n\t\t<\/div>\n\t\t\t\t<div class=\"elementor-column elementor-col-50 elementor-top-column elementor-element elementor-element-91a3332\" data-id=\"91a3332\" data-element_type=\"column\">\n\t\t\t<div class=\"elementor-widget-wrap elementor-element-populated\">\n\t\t\t\t\t\t<div class=\"elementor-element elementor-element-a4b805c elementor-widget elementor-widget-text-editor\" data-id=\"a4b805c\" data-element_type=\"widget\" data-widget_type=\"text-editor.default\">\n\t\t\t\t<div class=\"elementor-widget-container\">\n\t\t\t\t\t\t\t<h2>10 urni te\u010daj vrtenja gline na lon\u010darskem vretenu zajema:<\/h2><p><strong>&#8211; predstavitev osnovnih pripomo\u010dkov in njihove uporabe<\/strong><\/p><p><strong>&#8211; predstavitev gnetenja in predpriprava gline<\/strong><\/p><p><strong>&#8211; centriranje gline na vretenu<\/strong><\/p><p><strong>&#8211; odpiranje in dvigovanje gline v osnovno obliko cilindra<\/strong><\/p><p><strong>&#8211; odpiranje in dvigovanje gline v konveksno obliko (oblika sklede)\u00a0<\/strong><\/p><p><strong>&#8211; stru\u017eenje izdelkov<\/strong><\/p><p><strong>&#8211; izdelava ro\u010dajev<\/strong><\/p><p><strong>&#8211; predpriprava na glaziranje in glaziranje<\/strong><\/p><p>Te\u010daj je primeren za popolne za\u010detnike in \u017ee izku\u0161enej\u0161e, ki pa bi \u017eeleli nadgraditi svoje znanje. Stopnja zahtevnosti in hitrost pou\u010devanja se prilagodi posamezniku.<\/p><p>Na koncu te\u010daja boste tako s seboj odnesli dve skodelici za kavo in dve mali skle\u010dki. Za vse dodatne kon\u010dne izdelke (v kolikor se odlo\u010dite) je cena 10\u20ac na kos (stro\u0161ki glazure in dveh pek).<\/p>\t\t\t\t\t\t<\/div>\n\t\t\t\t<\/div>\n\t\t\t\t<div class=\"elementor-element elementor-element-d4ff639 elementor-widget elementor-widget-toggle\" data-id=\"d4ff639\" data-element_type=\"widget\" data-widget_type=\"toggle.default\">\n\t\t\t\t<div class=\"elementor-widget-container\">\n\t\t\t\t\t<div class=\"elementor-toggle\">\n\t\t\t\t\t\t\t<div class=\"elementor-toggle-item\">\n\t\t\t\t\t<div id=\"elementor-tab-title-2231\" class=\"elementor-tab-title\" data-tab=\"1\" role=\"button\" aria-controls=\"elementor-tab-content-2231\" aria-expanded=\"false\">\n\t\t\t\t\t\t\t\t\t\t\t\t<span class=\"elementor-toggle-icon elementor-toggle-icon-left\" aria-hidden=\"true\">\n\t\t\t\t\t\t\t\t\t\t\t\t\t\t\t<span class=\"elementor-toggle-icon-closed\"><i class=\"fas fa-caret-right\"><\/i><\/span>\n\t\t\t\t\t\t\t\t<span class=\"elementor-toggle-icon-opened\"><i class=\"elementor-toggle-icon-opened fas fa-caret-up\"><\/i><\/span>\n\t\t\t\t\t\t\t\t\t\t\t\t\t<\/span>\n\t\t\t\t\t\t\t\t\t\t\t\t<a class=\"elementor-toggle-title\" tabindex=\"0\">Dodatne informacije<\/a>\n\t\t\t\t\t<\/div>\n\n\t\t\t\t\t<div id=\"elementor-tab-content-2231\" class=\"elementor-tab-content elementor-clearfix\" data-tab=\"1\" role=\"region\" aria-labelledby=\"elementor-tab-title-2231\"><h3><strong>\u010cas trajanja:<\/strong><\/h3><p>10 ur (2x 4 ure, 1x 2 uri)<\/p><h3><strong>Termin :<\/strong><\/h3><p>Te\u010daje v svojem studiu izvajam v dopoldanskem \u010dasu (od 9.00 do 13.00). Za popoldanske termine prosim preverite te\u010daje na spletni strani Studia Biskvit (<a href=\"http:\/\/www.biskvit.si\" target=\"_blank\" rel=\"noopener\">www.biskvit.si<\/a>)\u00a0<\/p><h3><strong>Lokacija:<\/strong><\/h3><p>Drenov gri\u010d 169, 1360 Vrhnika\u00a0<\/p><p>Dostop je mo\u017een tudi z avtobusom (linija 47), avtobusna postaja Drenov gri\u010d. V primeru prihoda z avtobusom, vas lahko pridem iskati na postajo.<\/p><h3><strong>Na\u010din izvajanja<\/strong>:<\/h3><p>individualni te\u010daj (1 na 1); v primeru, da bi se te\u010daja udele\u017eili s partnerjem\/ko ali prijateljico\/prijateljem, mi prosim sporo\u010dite, da se dogovorimo<\/p><h3><strong>Cena :<\/strong><\/h3><p>290 \u20ac<\/p><h3><strong>Priporo\u010dam :<\/strong><\/h3><ul><li>kratko ostri\u017eeni nohti<\/li><li>dodatna majica oz hla\u010de ter \u010devlje za preoble\u010di (glina se o\u010disti, vendar vseeno priporo\u010dam, da imate seboj nekaj za preoble\u010dt)<\/li><li>voda\/sok in kak\u0161en prigrizek (\u010deprav vam z veseljem ponudim kavo, vodo in pi\u0161kote, pa vseeno predlagam, da imate s seboj \u0161e kaj za pojesti, da se po 3 oz. 4 urah (ali kje vmes) malo okrep\u010date :0<\/li><\/ul><\/div>\n\t\t\t\t<\/div>\n\t\t\t\t\t\t\t\t<\/div>\n\t\t\t\t<\/div>\n\t\t\t\t<\/div>\n\t\t\t\t\t<\/div>\n\t\t<\/div>\n\t\t\t\t\t<\/div>\n\t\t<\/section>\n\t\t\t\t<section class=\"elementor-section elementor-top-section elementor-element elementor-element-88f6515 elementor-section-content-middle elementor-section-boxed elementor-section-height-default elementor-section-height-default\" data-id=\"88f6515\" data-element_type=\"section\" id=\"tecaj-skleda-kroznik\">\n\t\t\t\t\t\t<div class=\"elementor-container elementor-column-gap-wider\">\n\t\t\t\t\t<div class=\"elementor-column elementor-col-50 elementor-top-column elementor-element elementor-element-f3f331f elementor-hidden-tablet elementor-hidden-phone\" data-id=\"f3f331f\" data-element_type=\"column\" data-settings=\"{&quot;background_background&quot;:&quot;classic&quot;}\">\n\t\t\t<div class=\"elementor-widget-wrap\">\n\t\t\t\t\t\t\t<\/div>\n\t\t<\/div>\n\t\t\t\t<div class=\"elementor-column elementor-col-50 elementor-top-column elementor-element elementor-element-a5e035b\" data-id=\"a5e035b\" data-element_type=\"column\">\n\t\t\t<div class=\"elementor-widget-wrap elementor-element-populated\">\n\t\t\t\t\t\t<div class=\"elementor-element elementor-element-1a6f029 elementor-widget elementor-widget-text-editor\" data-id=\"1a6f029\" data-element_type=\"widget\" data-widget_type=\"text-editor.default\">\n\t\t\t\t<div class=\"elementor-widget-container\">\n\t\t\t\t\t\t\t<h2>DELAVNICA : \u201cKako izdelam svoj kro\u017enik in\/ali skledo\u201d<\/h2><div class=\"x11i5rnm xat24cr x1mh8g0r x1vvkbs xtlvy1s x126k92a\"><div dir=\"auto\">Delavnice bodo potekale (ve\u010dinoma) ob sobotah popoldan, in sicer v Gostilni Bistra pri Vrhniki. Dru\u017eili se bomo tudi ob kozar\u010dku vin\u010dka (ali \u010daja, \u010de bo bolj primerno), poudarek pa bo predvsem na izdelavi kro\u017enikov in\/ali skled.<\/div><div dir=\"auto\">\u00a0<\/div><\/div><div class=\"x11i5rnm xat24cr x1mh8g0r x1vvkbs xtlvy1s x126k92a\"><div dir=\"auto\">Zakaj in\/ali? Ker je vse odvisno od va\u0161ih \u017eelja. V \u010dasu na\u0161ega dru\u017eenja (1.5h +\/- kak\u0161na minuta seveda) boste lahko naredili en kro\u017enik, ga okrasili s poslikavo, &#8220;poglancali&#8221; kolikor se le da; ali pa boste naredili kro\u017enik in skledico ter vse skupaj lepo uredili (ostri robovi so neza\u017eeljeni, saj ko je glina kon\u010dno pe\u010dena, ti postanejo ostri).<\/div><div dir=\"auto\">\u00a0<\/div><\/div><p>Te\u010daj je primeren za popolne za\u010detnike.\u00a0 Za obisk delavnice potrebujete le dobro voljo in \u017eeljo po u\u010denju novih spretnosti \ud83d\ude09<\/p><p>Po koncu te\u010daja bodo izdelki romali v pe\u010d za keramiko, kjer bodo kon\u010dno \u017egani (nekje v roku 1 do 2 tednov od dneva delavnice). Ko bodo izdelki kon\u010dani, vas bom obvestila o mo\u017enostih prevzema oz. po\u0161iljanja po po\u0161ti v kolikor vam bo to ljub\u0161e.\u00a0<\/p><p>Ve\u010d info o terminih na FB strani\u00a0 <a href=\"https:\/\/www.facebook.com\/dasaspottery\/\">Da\u0161a&#8217;s Pottery<\/a><\/p>\t\t\t\t\t\t<\/div>\n\t\t\t\t<\/div>\n\t\t\t\t<div class=\"elementor-element elementor-element-4fa6d13 elementor-widget elementor-widget-toggle\" data-id=\"4fa6d13\" data-element_type=\"widget\" data-widget_type=\"toggle.default\">\n\t\t\t\t<div class=\"elementor-widget-container\">\n\t\t\t\t\t<div class=\"elementor-toggle\">\n\t\t\t\t\t\t\t<div class=\"elementor-toggle-item\">\n\t\t\t\t\t<div id=\"elementor-tab-title-8351\" class=\"elementor-tab-title\" data-tab=\"1\" role=\"button\" aria-controls=\"elementor-tab-content-8351\" aria-expanded=\"false\">\n\t\t\t\t\t\t\t\t\t\t\t\t<span class=\"elementor-toggle-icon elementor-toggle-icon-left\" aria-hidden=\"true\">\n\t\t\t\t\t\t\t\t\t\t\t\t\t\t\t<span class=\"elementor-toggle-icon-closed\"><i class=\"fas fa-caret-right\"><\/i><\/span>\n\t\t\t\t\t\t\t\t<span class=\"elementor-toggle-icon-opened\"><i class=\"elementor-toggle-icon-opened fas fa-caret-up\"><\/i><\/span>\n\t\t\t\t\t\t\t\t\t\t\t\t\t<\/span>\n\t\t\t\t\t\t\t\t\t\t\t\t<a class=\"elementor-toggle-title\" tabindex=\"0\">Dodatne informacije<\/a>\n\t\t\t\t\t<\/div>\n\n\t\t\t\t\t<div id=\"elementor-tab-content-8351\" class=\"elementor-tab-content elementor-clearfix\" data-tab=\"1\" role=\"region\" aria-labelledby=\"elementor-tab-title-8351\"><h3><strong>\u010cas trajanja:<\/strong><\/h3><p>1.5 ure\u00a0<\/p><h3><strong>Termin :<\/strong><\/h3><p>Sobote popoldan (16.00 do 17.30)<\/p><h3><strong>Lokacija:<\/strong><\/h3><p><a href=\"https:\/\/www.b-bistra.si\/\">Gostilna Bistra<\/a>\u00a0<\/p><h3><strong>Na\u010din izvajanja<\/strong>:<\/h3><p>skupinska delavnica (max 6 oseb)<\/p><h3><strong>Cena :<\/strong><\/h3><p>43 \u20ac<\/p><h3><strong>Priporo\u010dam :<\/strong><\/h3><ul><li>kratko ostri\u017eeni nohti<\/li><li>dodatna majica oz hla\u010de (v kolikor bi kak ko\u0161\u010dek gline vseeno padel na va\u0161a obla\u010dila)<\/li><li>dobra volja \ud83d\ude42<\/li><\/ul><\/div>\n\t\t\t\t<\/div>\n\t\t\t\t\t\t\t\t<\/div>\n\t\t\t\t<\/div>\n\t\t\t\t<\/div>\n\t\t\t\t\t<\/div>\n\t\t<\/div>\n\t\t\t\t\t<\/div>\n\t\t<\/section>\n\t\t\t\t<section class=\"elementor-section elementor-top-section elementor-element elementor-element-c856778 elementor-section-boxed elementor-section-height-default elementor-section-height-default\" data-id=\"c856778\" data-element_type=\"section\">\n\t\t\t\t\t\t<div class=\"elementor-container elementor-column-gap-wider\">\n\t\t\t\t\t<div class=\"elementor-column elementor-col-50 elementor-top-column elementor-element elementor-element-944f546\" data-id=\"944f546\" data-element_type=\"column\">\n\t\t\t<div class=\"elementor-widget-wrap elementor-element-populated\">\n\t\t\t\t\t\t<div class=\"elementor-element elementor-element-db19c85 elementor-widget elementor-widget-heading\" data-id=\"db19c85\" data-element_type=\"widget\" data-widget_type=\"heading.default\">\n\t\t\t\t<div class=\"elementor-widget-container\">\n\t\t\t<h2 class=\"elementor-heading-title elementor-size-default\">Za vsa dodatna vpra\u0161anja sem vam na voljo na:<\/h2>\t\t<\/div>\n\t\t\t\t<\/div>\n\t\t\t\t<div class=\"elementor-element elementor-element-3273cce6 elementor-align-left elementor-icon-list--layout-traditional elementor-list-item-link-full_width elementor-widget elementor-widget-icon-list\" data-id=\"3273cce6\" data-element_type=\"widget\" data-widget_type=\"icon-list.default\">\n\t\t\t\t<div class=\"elementor-widget-container\">\n\t\t\t\t\t<ul class=\"elementor-icon-list-items\">\n\t\t\t\t\t\t\t<li class=\"elementor-icon-list-item\">\n\t\t\t\t\t\t\t\t\t\t\t<span class=\"elementor-icon-list-icon\">\n\t\t\t\t\t\t\t<i aria-hidden=\"true\" class=\"fas fa-map-marker-alt\"><\/i>\t\t\t\t\t\t<\/span>\n\t\t\t\t\t\t\t\t\t\t<span class=\"elementor-icon-list-text\">Drenov gri\u010d 169, 1360 Vrhnika<\/span>\n\t\t\t\t\t\t\t\t\t<\/li>\n\t\t\t\t\t\t\t\t<li class=\"elementor-icon-list-item\">\n\t\t\t\t\t\t\t\t\t\t\t<a href=\"tel:041 321 999\">\n\n\t\t\t\t\t\t\t\t\t\t\t\t<span class=\"elementor-icon-list-icon\">\n\t\t\t\t\t\t\t<i aria-hidden=\"true\" class=\"fas fa-phone-alt\"><\/i>\t\t\t\t\t\t<\/span>\n\t\t\t\t\t\t\t\t\t\t<span class=\"elementor-icon-list-text\">041 321 999<\/span>\n\t\t\t\t\t\t\t\t\t\t\t<\/a>\n\t\t\t\t\t\t\t\t\t<\/li>\n\t\t\t\t\t\t\t\t<li class=\"elementor-icon-list-item\">\n\t\t\t\t\t\t\t\t\t\t\t<a href=\"mailto:dasa.kogoj@gmail.com\">\n\n\t\t\t\t\t\t\t\t\t\t\t\t<span class=\"elementor-icon-list-icon\">\n\t\t\t\t\t\t\t<i aria-hidden=\"true\" class=\"far fa-envelope\"><\/i>\t\t\t\t\t\t<\/span>\n\t\t\t\t\t\t\t\t\t\t<span class=\"elementor-icon-list-text\">dasa.kogoj@gmail.com<\/span>\n\t\t\t\t\t\t\t\t\t\t\t<\/a>\n\t\t\t\t\t\t\t\t\t<\/li>\n\t\t\t\t\t\t\t\t<li class=\"elementor-icon-list-item\">\n\t\t\t\t\t\t\t\t\t\t\t<a href=\"https:\/\/www.instagram.com\/dasaspottery\/\">\n\n\t\t\t\t\t\t\t\t\t\t\t\t<span class=\"elementor-icon-list-icon\">\n\t\t\t\t\t\t\t<i aria-hidden=\"true\" class=\"fab fa-instagram\"><\/i>\t\t\t\t\t\t<\/span>\n\t\t\t\t\t\t\t\t\t\t<span class=\"elementor-icon-list-text\">@dasapottery<\/span>\n\t\t\t\t\t\t\t\t\t\t\t<\/a>\n\t\t\t\t\t\t\t\t\t<\/li>\n\t\t\t\t\t\t\t\t<li class=\"elementor-icon-list-item\">\n\t\t\t\t\t\t\t\t\t\t\t<a href=\"https:\/\/m.facebook.com\/dasaspottery\/?__tn__=C-R\">\n\n\t\t\t\t\t\t\t\t\t\t\t\t<span class=\"elementor-icon-list-icon\">\n\t\t\t\t\t\t\t<i aria-hidden=\"true\" class=\"fab fa-facebook-f\"><\/i>\t\t\t\t\t\t<\/span>\n\t\t\t\t\t\t\t\t\t\t<span class=\"elementor-icon-list-text\">@dasapottery<\/span>\n\t\t\t\t\t\t\t\t\t\t\t<\/a>\n\t\t\t\t\t\t\t\t\t<\/li>\n\t\t\t\t\t\t<\/ul>\n\t\t\t\t<\/div>\n\t\t\t\t<\/div>\n\t\t\t\t\t<\/div>\n\t\t<\/div>\n\t\t\t\t<div class=\"elementor-column elementor-col-50 elementor-top-column elementor-element elementor-element-649f427\" data-id=\"649f427\" data-element_type=\"column\">\n\t\t\t<div class=\"elementor-widget-wrap elementor-element-populated\">\n\t\t\t\t\t\t<div class=\"elementor-element elementor-element-7a43f6c elementor-widget elementor-widget-google_maps\" data-id=\"7a43f6c\" data-element_type=\"widget\" data-widget_type=\"google_maps.default\">\n\t\t\t\t<div class=\"elementor-widget-container\">\n\t\t\t\t\t<div class=\"elementor-custom-embed\">\n\t\t\t<iframe loading=\"lazy\"\n\t\t\t\t\tsrc=\"https:\/\/maps.google.com\/maps?q=Drenov%20gri%C4%8D%20169%2C%201360%20Vrhnika&#038;t=m&#038;z=10&#038;output=embed&#038;iwloc=near\"\n\t\t\t\t\ttitle=\"Drenov gri\u010d 169, 1360 Vrhnika\"\n\t\t\t\t\taria-label=\"Drenov gri\u010d 169, 1360 Vrhnika\"\n\t\t\t><\/iframe>\n\t\t<\/div>\n\t\t\t\t<\/div>\n\t\t\t\t<\/div>\n\t\t\t\t\t<\/div>\n\t\t<\/div>\n\t\t\t\t\t<\/div>\n\t\t<\/section>\n\t\t\t\t<\/div>","protected":false},"excerpt":{"rendered":"<p>Izdelaj si svoj kro\u017enik ali skledo iz glinePridru\u017eite se mi na kratkej te\u010daju kjer se boste nau\u010dili izdelati svoj kro\u017enik in\/ali skledo iz gline. REZERVIRAJ TE\u010cAJ10-urni te\u010daj vrtenja gline na lon\u010darskem vretenuTe\u010daji primerni za popolne za\u010detnike in \u017ee isku\u0161enej\u0161e, ki pa bi \u017eeleli nadgraditi svoje znanje. Stopnja zahtevnosti in hitrost pou\u010devanja se prilagodita posamezniku.REZERVIRAJ TE\u010cAJ [&hellip;]<\/p>","protected":false},"author":3,"featured_media":714,"parent":0,"menu_order":0,"comment_status":"closed","ping_status":"closed","template":"","meta":{"ocean_post_layout":"full-screen","ocean_both_sidebars_style":"","ocean_both_sidebars_content_width":0,"ocean_both_sidebars_sidebars_width":0,"ocean_sidebar":"0","ocean_second_sidebar":"0","ocean_disable_margins":"enable","ocean_add_body_class":"","ocean_shortcode_before_top_bar":"","ocean_shortcode_after_top_bar":"","ocean_shortcode_before_header":"","ocean_shortcode_after_header":"","ocean_has_shortcode":"","ocean_shortcode_after_title":"","ocean_shortcode_before_footer_widgets":"","ocean_shortcode_after_footer_widgets":"","ocean_shortcode_before_footer_bottom":"","ocean_shortcode_after_footer_bottom":"","ocean_display_top_bar":"default","ocean_display_header":"default","ocean_header_style":"","ocean_center_header_left_menu":"0","ocean_custom_header_template":"0","ocean_custom_logo":0,"ocean_custom_retina_logo":0,"ocean_custom_logo_max_width":0,"ocean_custom_logo_tablet_max_width":0,"ocean_custom_logo_mobile_max_width":0,"ocean_custom_logo_max_height":0,"ocean_custom_logo_tablet_max_height":0,"ocean_custom_logo_mobile_max_height":0,"ocean_header_custom_menu":"0","ocean_menu_typo_font_family":"0","ocean_menu_typo_font_subset":"","ocean_menu_typo_font_size":0,"ocean_menu_typo_font_size_tablet":0,"ocean_menu_typo_font_size_mobile":0,"ocean_menu_typo_font_size_unit":"px","ocean_menu_typo_font_weight":"","ocean_menu_typo_font_weight_tablet":"","ocean_menu_typo_font_weight_mobile":"","ocean_menu_typo_transform":"","ocean_menu_typo_transform_tablet":"","ocean_menu_typo_transform_mobile":"","ocean_menu_typo_line_height":0,"ocean_menu_typo_line_height_tablet":0,"ocean_menu_typo_line_height_mobile":0,"ocean_menu_typo_line_height_unit":"","ocean_menu_typo_spacing":0,"ocean_menu_typo_spacing_tablet":0,"ocean_menu_typo_spacing_mobile":0,"ocean_menu_typo_spacing_unit":"","ocean_menu_link_color":"","ocean_menu_link_color_hover":"","ocean_menu_link_color_active":"","ocean_menu_link_background":"","ocean_menu_link_hover_background":"","ocean_menu_link_active_background":"","ocean_menu_social_links_bg":"","ocean_menu_social_hover_links_bg":"","ocean_menu_social_links_color":"","ocean_menu_social_hover_links_color":"","ocean_disable_title":"on","ocean_disable_heading":"default","ocean_post_title":"","ocean_post_subheading":"","ocean_post_title_style":"","ocean_post_title_background_color":"","ocean_post_title_background":0,"ocean_post_title_bg_image_position":"","ocean_post_title_bg_image_attachment":"","ocean_post_title_bg_image_repeat":"","ocean_post_title_bg_image_size":"","ocean_post_title_height":0,"ocean_post_title_bg_overlay":0.5,"ocean_post_title_bg_overlay_color":"","ocean_disable_breadcrumbs":"default","ocean_breadcrumbs_color":"","ocean_breadcrumbs_separator_color":"","ocean_breadcrumbs_links_color":"","ocean_breadcrumbs_links_hover_color":"","ocean_display_footer_widgets":"default","ocean_display_footer_bottom":"default","ocean_custom_footer_template":"0","footnotes":""},"aioseo_notices":[],"_links":{"self":[{"href":"https:\/\/www.dasaspottery.si\/en\/wp-json\/wp\/v2\/pages\/711"}],"collection":[{"href":"https:\/\/www.dasaspottery.si\/en\/wp-json\/wp\/v2\/pages"}],"about":[{"href":"https:\/\/www.dasaspottery.si\/en\/wp-json\/wp\/v2\/types\/page"}],"author":[{"embeddable":true,"href":"https:\/\/www.dasaspottery.si\/en\/wp-json\/wp\/v2\/users\/3"}],"replies":[{"embeddable":true,"href":"https:\/\/www.dasaspottery.si\/en\/wp-json\/wp\/v2\/comments?post=711"}],"version-history":[{"count":79,"href":"https:\/\/www.dasaspottery.si\/en\/wp-json\/wp\/v2\/pages\/711\/revisions"}],"predecessor-version":[{"id":1546,"href":"https:\/\/www.dasaspottery.si\/en\/wp-json\/wp\/v2\/pages\/711\/revisions\/1546"}],"wp:featuredmedia":[{"embeddable":true,"href":"https:\/\/www.dasaspottery.si\/en\/wp-json\/wp\/v2\/media\/714"}],"wp:attachment":[{"href":"https:\/\/www.dasaspottery.si\/en\/wp-json\/wp\/v2\/media?parent=711"}],"curies":[{"name":"wp","href":"https:\/\/api.w.org\/{rel}","templated":true}]}}