{"id":452,"date":"2018-09-27T19:35:35","date_gmt":"2018-09-27T19:35:35","guid":{"rendered":"http:\/\/www.dasaspottery.si\/?page_id=452"},"modified":"2021-07-19T10:38:45","modified_gmt":"2021-07-19T10:38:45","slug":"politika-o-zasebnosti-in-spletnih-piskotkih","status":"publish","type":"page","link":"https:\/\/www.dasaspottery.si\/en\/politika-o-zasebnosti-in-spletnih-piskotkih\/","title":{"rendered":"Politika o zasebnosti in spletnih pi\u0161kotkih"},"content":{"rendered":"<p><strong>1. VRSTE OBDELANIH PODATKOV \/ POVEZAVE DO DRUGIH SPLETNIH STRANI<\/strong><\/p>\n<p>DKlej d.o.o. skrbi za zasebnost. Na spletni strani zbiramo in obdelujemo ve\u010d vrst osebnih podatkov. To vklju\u010duje:<\/p>\n<ul>\n<li>Informacije, ki jih posredujete pri uporabi na\u0161ih spletnih obrazev ter spletne strani, na primer ime, naslov, telefon, e-naslov in druge informacije, ki jih posredujete prek na\u0161ih spletnih obrazec.<\/li>\n<li>Informacije, ki jih potrebujemo, ko na spletni strani prijavite napako.<\/li>\n<li>Informacije, zbrane s pomo\u010djo pi\u0161kotkov.<\/li>\n<\/ul>\n<p>Ta stran lahko vsebuje tudi povezave do drugih spletnih strani ali do spletnih strani dru\u017ebenih medijev. Ob kliku na tak\u0161no povezavo do katere od drugih spletnih strani DKlej d.o.o. ali tretjih oseb, se morate zavedati, da imajo te spletne strani lastne politike glede varovanja zasebnosti podatkov. Pred uporabo teh strani preverite njihovo politiko varstva zasebnosti.<\/p>\n<p>Te spletne strani lahko vsebujejo tudi vsebino drugih spletnih strani. DKlej d.o.o. ne sprejema nobene odgovornosti za spletne strani tretjih oseb. Za podatke predstavljene tam odgovarja izklju\u010dno lastnik spletne strani. DKlej d.o.o. ne nadzira in ne odgovarja za vsebino neodvisnih spletnih strani, ki nudijo zunanje vsebine obiskovalcem spletne strani. Posledica je, da lahko ob obisku spletne strani s tako vsebino sre\u010date pi\u0161kotke teh tretjih oseb. DKlej d.o.o. ne nadzira \u0161irjenja teh pi\u0161kotkov. Ve\u010d podatkov dobite v politiki zasebnosti teh tretjih oseb. DKlej d.o.o. \u00a0ne more sprejeti odgovornosti ali obveznosti za spletne strani tretjih oseb.<\/p>\n<p>Vedno imate mo\u017enost, da pi\u0161kotke sprejmete ali zavrnete. Ve\u010dina spletnih brskalnikov samodejno sprejme pi\u0161kotke, kar lahko spremenite v nastavitvah tako, da ra\u010dunalnik pi\u0161kotke zavrne ali pa da prejmete opozorilo, preden se pi\u0161kotek shrani.<\/p>\n<p>Za informacije o nastavitvah pi\u0161kotkov kliknite na ime va\u0161ega brskalnika:<\/p>\n<ul>\n<li>Firefox<\/li>\n<li>Chrome<\/li>\n<li>Internet Explorer<\/li>\n<li>Opera<\/li>\n<li>Safari<\/li>\n<\/ul>\n<p><strong>2. ZBIRANJE IN UPORABA OSEBNIH IN NEOSEBNIH INFORMACIJ<\/strong><\/p>\n<p>Ko DKlej d.o.o. posredujete osebne informacije, jih shranimo in obdelamo, da lahko odgovorimo na va\u0161a povpra\u0161evanja, za tr\u017eenje in raziskovanje trga, za storitve za stranke, analizo podatkov o prodaji in za stike s strankami v skladu z njihovimi navodili glede stikov. Po potrebi vas tudi zaprosimo za sodelovanje v raziskavah, ki jih, \u010de se strinjate, uporabimo za tr\u017eenje v povezavi z DKlej d.o.o., za raziskavo trga in mnenja strank.<\/p>\n<p>Podatke z zgoraj omenjenimi nameni tudi lahko posredujemo povezanim dru\u017ebam in satelitom. Va\u0161ih osebnih podatkov ne bomo prodali ali jih delili z drugimi podjetji za njihovo uporabo brez predhodnega obvestila ali, \u010de je potrebno, brez va\u0161ega soglasja. Z vami bomo stopili v stik le, \u010de ste izrecno sogla\u0161ali s tem in preko kanala, ki ste ga izbrali in sogla\u0161ali.<\/p>\n<p>Za optimizacijo spletne strani glede sistemske u\u010dinkovitosti, uporabnosti in posredovanja uporabnih informacij o na\u0161ih izdelkih in storitvah, samodejno zbiramo in shranjujemo podatke v dnevni\u0161kih datotekah na va\u0161em ra\u010dunalniku. Te vklju\u010dujejo va\u0161 naslov internetnega protokola (IP), vrsto brskalnika in jezikovno nastavitev, operacijski sistem, ponudnika internetnih storitev (ISP), in datum\/\u010das obiska. Gre za statisti\u010dne podatke o uporabi brskalnika in spletnih vzorcev uporabnikov.<\/p>\n<p>Te podatke uporabljamo za u\u010dinkovito upravljanje strani, da izvemo ve\u010d o vedenju na\u0161ih uporabnikov po vsej strani, da analiziramo trende in na celovit na\u010din zberemo demografske podatke o uporabnikih. Zbrani podatki se lahko uporabijo za na\u0161e tr\u017ene in ogla\u0161evalske storitve ter za komunikacijo (na primer optimizacijo in izbolj\u0161anje uporabni\u0161kih izku\u0161enj, ki zagotavlja bolj privla\u010dne ponudbe in storitve).<\/p>\n<p>\u010ce uporabimo podatke, ki niso osebni podatki, skupaj z osebnimi podatki, se taki podatki obravnavajo kot osebni podatki, vse dokler ostanejo zdru\u017eeni.<\/p>\n<p><strong>3. Pravica do informacij o osebnih podatkih \/ Popravljanje, blokiranje ali brisanje<\/strong><\/p>\n<p>Kadarkoli lahko zahtevate informacije o va\u0161ih shranjenih osebnih podatkih, poreklu podatkov, prejemniku podatkov, namenu shranjevanja ter o osebah in dru\u017ebah, katerim redno prena\u0161amo va\u0161e osebne podatke. Poleg tega imate pravico da v skladu z veljavnimi pravnimi dolo\u010dili posodobite, popravite, blokirate ali izbri\u0161ete svoje podatke.<\/p>\n<p>\u010ce ste nam posredovali osebne podatke in bi radi vedeli, \u010de in kateri va\u0161i osebni podatki so shranjeni pri nas ali bi \u017eeleli informacije o uporabi va\u0161ih podatkov oziroma \u017eelite popravek \/ blokiranje \/ izbris va\u0161ih podatkov, se obrnite na nas:<\/p>\n<p>prek e-po\u0161te dasa.kogoj@gmail.com ali pi\u0161ite na DKlej d.o.o., Drenov gri\u010d 169, 1360 Vrhnika.<\/p>\n<p><strong>4. Pravica do umika soglasja<\/strong><\/p>\n<p>Pravico imate, da kadarkoli umaknete svoje soglasje. Umik va\u0161ega soglasja ne vpliva na zakonitost obdelave, ki je temeljila na va\u0161em soglasju, preden ste ga umaknili. Umik lahko posredujete po po\u0161ti na naslov DKlej d.o.o., Drenov gri\u010d 169, 1360 Vrhnika.<\/p>\n<p>ali preko e-po\u0161te: dasa.kogoj@gmail.com, s pripisom ODJAVA.<\/p>\n<p><strong>5. Spremembe politike zasebnosti<\/strong><\/p>\n<p>Vse prihodnje spremembe politike zasebnosti bodo objavljene na tej spletni strani. Redno preverjajte to spletno stran, da boste seznanjeni s spremembami na\u0161e politike zasebnosti.<\/p>\n<p><strong>Kontaktirajte nas<\/strong><\/p>\n<p>\u010ce imate kak\u0161na vpra\u0161anja, pripombe in zahteve v zvezi s to politiko zasebnosti, nam pi\u0161ite na naslov:<\/p>\n<p>DKlej d.o.o.<br \/>\nDrenov Gri\u010d 169, 1360 Vrhnika<br \/>\ndasa.kogoj@gmail.com<\/p>","protected":false},"excerpt":{"rendered":"<p>1. VRSTE OBDELANIH PODATKOV \/ POVEZAVE DO DRUGIH SPLETNIH STRANI DKlej d.o.o. skrbi za zasebnost. Na spletni strani zbiramo in obdelujemo ve\u010d vrst osebnih podatkov. To vklju\u010duje: Informacije, ki jih posredujete pri uporabi na\u0161ih spletnih obrazev ter spletne strani, na primer ime, naslov, telefon, e-naslov in druge informacije, ki jih posredujete prek na\u0161ih spletnih obrazec. [&hellip;]<\/p>","protected":false},"author":1,"featured_media":0,"parent":0,"menu_order":0,"comment_status":"closed","ping_status":"closed","template":"","meta":{"ocean_post_layout":"full-width","ocean_both_sidebars_style":"","ocean_both_sidebars_content_width":0,"ocean_both_sidebars_sidebars_width":0,"ocean_sidebar":"0","ocean_second_sidebar":"0","ocean_disable_margins":"enable","ocean_add_body_class":"","ocean_shortcode_before_top_bar":"","ocean_shortcode_after_top_bar":"","ocean_shortcode_before_header":"","ocean_shortcode_after_header":"","ocean_has_shortcode":"","ocean_shortcode_after_title":"","ocean_shortcode_before_footer_widgets":"","ocean_shortcode_after_footer_widgets":"","ocean_shortcode_before_footer_bottom":"","ocean_shortcode_after_footer_bottom":"","ocean_display_top_bar":"default","ocean_display_header":"default","ocean_header_style":"","ocean_center_header_left_menu":"0","ocean_custom_header_template":"0","ocean_custom_logo":0,"ocean_custom_retina_logo":0,"ocean_custom_logo_max_width":0,"ocean_custom_logo_tablet_max_width":0,"ocean_custom_logo_mobile_max_width":0,"ocean_custom_logo_max_height":0,"ocean_custom_logo_tablet_max_height":0,"ocean_custom_logo_mobile_max_height":0,"ocean_header_custom_menu":"0","ocean_menu_typo_font_family":"0","ocean_menu_typo_font_subset":"","ocean_menu_typo_font_size":0,"ocean_menu_typo_font_size_tablet":0,"ocean_menu_typo_font_size_mobile":0,"ocean_menu_typo_font_size_unit":"px","ocean_menu_typo_font_weight":"","ocean_menu_typo_font_weight_tablet":"","ocean_menu_typo_font_weight_mobile":"","ocean_menu_typo_transform":"","ocean_menu_typo_transform_tablet":"","ocean_menu_typo_transform_mobile":"","ocean_menu_typo_line_height":0,"ocean_menu_typo_line_height_tablet":0,"ocean_menu_typo_line_height_mobile":0,"ocean_menu_typo_line_height_unit":"","ocean_menu_typo_spacing":0,"ocean_menu_typo_spacing_tablet":0,"ocean_menu_typo_spacing_mobile":0,"ocean_menu_typo_spacing_unit":"","ocean_menu_link_color":"","ocean_menu_link_color_hover":"","ocean_menu_link_color_active":"","ocean_menu_link_background":"","ocean_menu_link_hover_background":"","ocean_menu_link_active_background":"","ocean_menu_social_links_bg":"","ocean_menu_social_hover_links_bg":"","ocean_menu_social_links_color":"","ocean_menu_social_hover_links_color":"","ocean_disable_title":"default","ocean_disable_heading":"default","ocean_post_title":"","ocean_post_subheading":"","ocean_post_title_style":"","ocean_post_title_background_color":"","ocean_post_title_background":0,"ocean_post_title_bg_image_position":"","ocean_post_title_bg_image_attachment":"","ocean_post_title_bg_image_repeat":"","ocean_post_title_bg_image_size":"","ocean_post_title_height":0,"ocean_post_title_bg_overlay":0.5,"ocean_post_title_bg_overlay_color":"","ocean_disable_breadcrumbs":"default","ocean_breadcrumbs_color":"","ocean_breadcrumbs_separator_color":"","ocean_breadcrumbs_links_color":"","ocean_breadcrumbs_links_hover_color":"","ocean_display_footer_widgets":"default","ocean_display_footer_bottom":"default","ocean_custom_footer_template":"0","footnotes":""},"aioseo_notices":[],"_links":{"self":[{"href":"https:\/\/www.dasaspottery.si\/en\/wp-json\/wp\/v2\/pages\/452"}],"collection":[{"href":"https:\/\/www.dasaspottery.si\/en\/wp-json\/wp\/v2\/pages"}],"about":[{"href":"https:\/\/www.dasaspottery.si\/en\/wp-json\/wp\/v2\/types\/page"}],"author":[{"embeddable":true,"href":"https:\/\/www.dasaspottery.si\/en\/wp-json\/wp\/v2\/users\/1"}],"replies":[{"embeddable":true,"href":"https:\/\/www.dasaspottery.si\/en\/wp-json\/wp\/v2\/comments?post=452"}],"version-history":[{"count":7,"href":"https:\/\/www.dasaspottery.si\/en\/wp-json\/wp\/v2\/pages\/452\/revisions"}],"predecessor-version":[{"id":998,"href":"https:\/\/www.dasaspottery.si\/en\/wp-json\/wp\/v2\/pages\/452\/revisions\/998"}],"wp:attachment":[{"href":"https:\/\/www.dasaspottery.si\/en\/wp-json\/wp\/v2\/media?parent=452"}],"curies":[{"name":"wp","href":"https:\/\/api.w.org\/{rel}","templated":true}]}}