{"id":2,"date":"2017-08-28T19:53:02","date_gmt":"2017-08-28T19:53:02","guid":{"rendered":"http:\/\/www.xampp.local\/avada\/?page_id=2"},"modified":"2021-07-19T10:08:12","modified_gmt":"2021-07-19T10:08:12","slug":"o-meni","status":"publish","type":"page","link":"https:\/\/www.dasaspottery.si\/en\/o-meni\/","title":{"rendered":"About me"},"content":{"rendered":"<div data-elementor-type=\"wp-page\" data-elementor-id=\"2\" class=\"elementor elementor-2\" data-elementor-post-type=\"page\">\n\t\t\t\t\t\t<section class=\"elementor-section elementor-top-section elementor-element elementor-element-42282a5 elementor-section-boxed elementor-section-height-default elementor-section-height-default\" data-id=\"42282a5\" data-element_type=\"section\">\n\t\t\t\t\t\t<div class=\"elementor-container elementor-column-gap-default\">\n\t\t\t\t\t<div class=\"elementor-column elementor-col-50 elementor-top-column elementor-element elementor-element-906cbb7\" data-id=\"906cbb7\" data-element_type=\"column\">\n\t\t\t<div class=\"elementor-widget-wrap elementor-element-populated\">\n\t\t\t\t\t\t<div class=\"elementor-element elementor-element-c211662 elementor-widget elementor-widget-heading\" data-id=\"c211662\" data-element_type=\"widget\" data-widget_type=\"heading.default\">\n\t\t\t\t<div class=\"elementor-widget-container\">\n\t\t\t<h2 class=\"elementor-heading-title elementor-size-default\">Hi! My name is Dasa, and I\u2019m a slovenian potter whose products go by the name Dasa\u2019s Pottery.<\/h2>\t\t<\/div>\n\t\t\t\t<\/div>\n\t\t\t\t<div class=\"elementor-element elementor-element-13b0b12 elementor-widget elementor-widget-text-editor\" data-id=\"13b0b12\" data-element_type=\"widget\" data-widget_type=\"text-editor.default\">\n\t\t\t\t<div class=\"elementor-widget-container\">\n\t\t\t\t\t\t\t<p>I first started working with clay in my teens. I was  around 14 years old when I first stepped into the workshop of the famous Slovenian potter Urban Magu\u0161ar. I went as a result of my moms initiative, who apparently saw \/ knew then that I have some potential in this \u201cbiz\u201d. Yeah, moms know this kind of stuff!<\/p><p>It was love at first touch and I knew that after the first day! The positive energy I get whenever I come in contact with this wonderful gift of mother of nature is invaluable. From this gift, new and unique creations are born day after day, which amuse and charm my family and friends and of course, my favorite audience (hahahahaha), my customers. (I\u2019m a terrible joker but I still try to be funny).<\/p><p>Like every pupil, I also mostly mimicked my teachers for some time (Urban Magu\u0161ar, Ines Kova\u010di\u010d), but somewhere within the last 3 years I found my voice. I realised that I enjoy most when making cups, mugs and bowls. Whether these are cups for coffee or tea, maybe even a little bigger bowls for muslie or fruit, and who can say no to an ice cream bowl.<\/p><p>Sometimes I get a boost of special energy and I feel that I need to make something more from my clay. Those are the days I make teapots or high, elegant vases. Otherwise, on an ordinary working day in my studio, I produce all types and sizes of bowls, plates, cups or mugs for coffee, saltpans, evaporators, \u2026 in short everything and anything that can be turned on a potters wheel.\u00a0<\/p><p>Everything starts with a ball of clay. It is very important that the clay is properly and sufficiently knead, because it later on affects whether or not I have \u201cprobles\u201d on the wheel. The air in the clay is the biggest enemy of every potter. When I put the ball on the wheel, I begin to work it with both hands. Slow. I prefer to go several times \u201cinto the form\u201d rather than to force the clay into something it does not want. You know, clay has very very good memory! When I get the desired shape, I detach it from the wheel and put it on a piece of board and then let it rest for a day or two (depending on the thickness and size of the piece) to dry to the extent so that I can start with the cutting (making the bottom part of the piece) and in the cvase of mugs and some bowls and pans, attaching the handles. At this stage, the product gets its final appearance. Then come the first and second firing (which take from 24 to 36 hours each) to ensure that the product is suitable for use!<\/p><p>So, a little bit about me and pottery!<\/p><p>You can also view my products on my <a href=\"http:\/\/www.facebook.com\/pages\/Da%C5%A1as-pottery\/29547087678?ref=s\">Facebook page<\/a>\u00a0and on <a href=\"https:\/\/www.instagram.com\/dasaspottery\/?hl=en\">Instagram<\/a>where you can also order products or just check out my current work.<\/p>\t\t\t\t\t\t<\/div>\n\t\t\t\t<\/div>\n\t\t\t\t\t<\/div>\n\t\t<\/div>\n\t\t\t\t<div class=\"elementor-column elementor-col-50 elementor-top-column elementor-element elementor-element-b698da1\" data-id=\"b698da1\" data-element_type=\"column\">\n\t\t\t<div class=\"elementor-widget-wrap elementor-element-populated\">\n\t\t\t\t\t\t<div class=\"elementor-element elementor-element-3d6ae53 elementor-widget elementor-widget-image\" data-id=\"3d6ae53\" data-element_type=\"widget\" data-widget_type=\"image.default\">\n\t\t\t\t<div class=\"elementor-widget-container\">\n\t\t\t\t\t\t\t\t\t\t\t\t\t<img fetchpriority=\"high\" decoding=\"async\" width=\"683\" height=\"1024\" src=\"https:\/\/www.dasaspottery.si\/wp-content\/uploads\/2021\/07\/Dasas-pottery_28.5.2021_fotoSonjaRavbar-84.jpg-683x1024.jpg\" class=\"attachment-large size-large wp-image-962\" alt=\"\" srcset=\"https:\/\/www.dasaspottery.si\/wp-content\/uploads\/2021\/07\/Dasas-pottery_28.5.2021_fotoSonjaRavbar-84.jpg-683x1024.jpg 683w, https:\/\/www.dasaspottery.si\/wp-content\/uploads\/2021\/07\/Dasas-pottery_28.5.2021_fotoSonjaRavbar-84.jpg-200x300.jpg 200w, https:\/\/www.dasaspottery.si\/wp-content\/uploads\/2021\/07\/Dasas-pottery_28.5.2021_fotoSonjaRavbar-84.jpg-768x1152.jpg 768w, https:\/\/www.dasaspottery.si\/wp-content\/uploads\/2021\/07\/Dasas-pottery_28.5.2021_fotoSonjaRavbar-84.jpg-1024x1536.jpg 1024w, https:\/\/www.dasaspottery.si\/wp-content\/uploads\/2021\/07\/Dasas-pottery_28.5.2021_fotoSonjaRavbar-84.jpg-scaled.jpg 1365w, https:\/\/www.dasaspottery.si\/wp-content\/uploads\/2021\/07\/Dasas-pottery_28.5.2021_fotoSonjaRavbar-84.jpg-8x12.jpg 8w, https:\/\/www.dasaspottery.si\/wp-content\/uploads\/2021\/07\/Dasas-pottery_28.5.2021_fotoSonjaRavbar-84.jpg-500x750.jpg 500w\" sizes=\"(max-width: 683px) 100vw, 683px\" \/>\t\t\t\t\t\t\t\t\t\t\t\t\t<\/div>\n\t\t\t\t<\/div>\n\t\t\t\t<div class=\"elementor-element elementor-element-80f0a1d elementor-widget elementor-widget-image\" data-id=\"80f0a1d\" data-element_type=\"widget\" data-widget_type=\"image.default\">\n\t\t\t\t<div class=\"elementor-widget-container\">\n\t\t\t\t\t\t\t\t\t\t\t\t\t<img decoding=\"async\" width=\"1024\" height=\"683\" src=\"https:\/\/www.dasaspottery.si\/wp-content\/uploads\/2017\/09\/OK-20190726-LJ-054-social-1024x683.jpg\" class=\"attachment-large size-large wp-image-590\" alt=\"\" srcset=\"https:\/\/www.dasaspottery.si\/wp-content\/uploads\/2017\/09\/OK-20190726-LJ-054-social-1024x683.jpg 1024w, https:\/\/www.dasaspottery.si\/wp-content\/uploads\/2017\/09\/OK-20190726-LJ-054-social-500x333.jpg 500w, https:\/\/www.dasaspottery.si\/wp-content\/uploads\/2017\/09\/OK-20190726-LJ-054-social-300x200.jpg 300w, https:\/\/www.dasaspottery.si\/wp-content\/uploads\/2017\/09\/OK-20190726-LJ-054-social-768x512.jpg 768w, https:\/\/www.dasaspottery.si\/wp-content\/uploads\/2017\/09\/OK-20190726-LJ-054-social-200x133.jpg 200w, https:\/\/www.dasaspottery.si\/wp-content\/uploads\/2017\/09\/OK-20190726-LJ-054-social-400x267.jpg 400w, https:\/\/www.dasaspottery.si\/wp-content\/uploads\/2017\/09\/OK-20190726-LJ-054-social-600x400.jpg 600w, https:\/\/www.dasaspottery.si\/wp-content\/uploads\/2017\/09\/OK-20190726-LJ-054-social-800x534.jpg 800w, https:\/\/www.dasaspottery.si\/wp-content\/uploads\/2017\/09\/OK-20190726-LJ-054-social-1200x801.jpg 1200w, https:\/\/www.dasaspottery.si\/wp-content\/uploads\/2017\/09\/OK-20190726-LJ-054-social.jpg 2048w\" sizes=\"(max-width: 1024px) 100vw, 1024px\" \/>\t\t\t\t\t\t\t\t\t\t\t\t\t<\/div>\n\t\t\t\t<\/div>\n\t\t\t\t<div class=\"elementor-element elementor-element-4c12db7 elementor-widget elementor-widget-image\" data-id=\"4c12db7\" data-element_type=\"widget\" data-widget_type=\"image.default\">\n\t\t\t\t<div class=\"elementor-widget-container\">\n\t\t\t\t\t\t\t\t\t\t\t\t\t<img decoding=\"async\" width=\"1024\" height=\"683\" src=\"https:\/\/www.dasaspottery.si\/wp-content\/uploads\/2017\/09\/OK-20190913-LJ-038-social-1024x683.jpg\" class=\"attachment-large size-large wp-image-588\" alt=\"\" srcset=\"https:\/\/www.dasaspottery.si\/wp-content\/uploads\/2017\/09\/OK-20190913-LJ-038-social-1024x683.jpg 1024w, https:\/\/www.dasaspottery.si\/wp-content\/uploads\/2017\/09\/OK-20190913-LJ-038-social-500x333.jpg 500w, https:\/\/www.dasaspottery.si\/wp-content\/uploads\/2017\/09\/OK-20190913-LJ-038-social-300x200.jpg 300w, https:\/\/www.dasaspottery.si\/wp-content\/uploads\/2017\/09\/OK-20190913-LJ-038-social-768x512.jpg 768w, https:\/\/www.dasaspottery.si\/wp-content\/uploads\/2017\/09\/OK-20190913-LJ-038-social-200x133.jpg 200w, https:\/\/www.dasaspottery.si\/wp-content\/uploads\/2017\/09\/OK-20190913-LJ-038-social-400x267.jpg 400w, https:\/\/www.dasaspottery.si\/wp-content\/uploads\/2017\/09\/OK-20190913-LJ-038-social-600x400.jpg 600w, https:\/\/www.dasaspottery.si\/wp-content\/uploads\/2017\/09\/OK-20190913-LJ-038-social-800x534.jpg 800w, https:\/\/www.dasaspottery.si\/wp-content\/uploads\/2017\/09\/OK-20190913-LJ-038-social-1200x801.jpg 1200w, https:\/\/www.dasaspottery.si\/wp-content\/uploads\/2017\/09\/OK-20190913-LJ-038-social.jpg 2048w\" sizes=\"(max-width: 1024px) 100vw, 1024px\" \/>\t\t\t\t\t\t\t\t\t\t\t\t\t<\/div>\n\t\t\t\t<\/div>\n\t\t\t\t\t<\/div>\n\t\t<\/div>\n\t\t\t\t\t<\/div>\n\t\t<\/section>\n\t\t\t\t<\/div>","protected":false},"excerpt":{"rendered":"<p>\u017divjo! Moje ime je Da\u0161a, ustvarjam pa pod imenom Da\u0161a\u2019s Pottery. Z glino sem se sre\u010dala \u017ee v najstni\u0161kih letih. \u0160tela sem jih nekje okoli 14 let, ko sem prvi\u010d zakorakala v delavnico znanega slovenskega lon\u010darja Urbana Magu\u0161arja. \u0160la sem na pobudo moje mame, ki je o\u010ditno \u017ee takrat videla\/vedela, da imam v tem \u00bbfohu\u00ab [&hellip;]<\/p>","protected":false},"author":1,"featured_media":0,"parent":0,"menu_order":0,"comment_status":"closed","ping_status":"closed","template":"","meta":{"ocean_post_layout":"full-screen","ocean_both_sidebars_style":"","ocean_both_sidebars_content_width":0,"ocean_both_sidebars_sidebars_width":0,"ocean_sidebar":"0","ocean_second_sidebar":"0","ocean_disable_margins":"enable","ocean_add_body_class":"","ocean_shortcode_before_top_bar":"","ocean_shortcode_after_top_bar":"","ocean_shortcode_before_header":"","ocean_shortcode_after_header":"","ocean_has_shortcode":"","ocean_shortcode_after_title":"","ocean_shortcode_before_footer_widgets":"","ocean_shortcode_after_footer_widgets":"","ocean_shortcode_before_footer_bottom":"","ocean_shortcode_after_footer_bottom":"","ocean_display_top_bar":"default","ocean_display_header":"default","ocean_header_style":"","ocean_center_header_left_menu":"0","ocean_custom_header_template":"0","ocean_custom_logo":0,"ocean_custom_retina_logo":0,"ocean_custom_logo_max_width":0,"ocean_custom_logo_tablet_max_width":0,"ocean_custom_logo_mobile_max_width":0,"ocean_custom_logo_max_height":0,"ocean_custom_logo_tablet_max_height":0,"ocean_custom_logo_mobile_max_height":0,"ocean_header_custom_menu":"0","ocean_menu_typo_font_family":"0","ocean_menu_typo_font_subset":"","ocean_menu_typo_font_size":0,"ocean_menu_typo_font_size_tablet":0,"ocean_menu_typo_font_size_mobile":0,"ocean_menu_typo_font_size_unit":"px","ocean_menu_typo_font_weight":"","ocean_menu_typo_font_weight_tablet":"","ocean_menu_typo_font_weight_mobile":"","ocean_menu_typo_transform":"","ocean_menu_typo_transform_tablet":"","ocean_menu_typo_transform_mobile":"","ocean_menu_typo_line_height":0,"ocean_menu_typo_line_height_tablet":0,"ocean_menu_typo_line_height_mobile":0,"ocean_menu_typo_line_height_unit":"","ocean_menu_typo_spacing":0,"ocean_menu_typo_spacing_tablet":0,"ocean_menu_typo_spacing_mobile":0,"ocean_menu_typo_spacing_unit":"","ocean_menu_link_color":"","ocean_menu_link_color_hover":"","ocean_menu_link_color_active":"","ocean_menu_link_background":"","ocean_menu_link_hover_background":"","ocean_menu_link_active_background":"","ocean_menu_social_links_bg":"","ocean_menu_social_hover_links_bg":"","ocean_menu_social_links_color":"","ocean_menu_social_hover_links_color":"","ocean_disable_title":"on","ocean_disable_heading":"default","ocean_post_title":"","ocean_post_subheading":"","ocean_post_title_style":"","ocean_post_title_background_color":"","ocean_post_title_background":0,"ocean_post_title_bg_image_position":"","ocean_post_title_bg_image_attachment":"","ocean_post_title_bg_image_repeat":"","ocean_post_title_bg_image_size":"","ocean_post_title_height":0,"ocean_post_title_bg_overlay":0.5,"ocean_post_title_bg_overlay_color":"","ocean_disable_breadcrumbs":"default","ocean_breadcrumbs_color":"","ocean_breadcrumbs_separator_color":"","ocean_breadcrumbs_links_color":"","ocean_breadcrumbs_links_hover_color":"","ocean_display_footer_widgets":"default","ocean_display_footer_bottom":"default","ocean_custom_footer_template":"0","footnotes":""},"aioseo_notices":[],"_links":{"self":[{"href":"https:\/\/www.dasaspottery.si\/en\/wp-json\/wp\/v2\/pages\/2"}],"collection":[{"href":"https:\/\/www.dasaspottery.si\/en\/wp-json\/wp\/v2\/pages"}],"about":[{"href":"https:\/\/www.dasaspottery.si\/en\/wp-json\/wp\/v2\/types\/page"}],"author":[{"embeddable":true,"href":"https:\/\/www.dasaspottery.si\/en\/wp-json\/wp\/v2\/users\/1"}],"replies":[{"embeddable":true,"href":"https:\/\/www.dasaspottery.si\/en\/wp-json\/wp\/v2\/comments?post=2"}],"version-history":[{"count":38,"href":"https:\/\/www.dasaspottery.si\/en\/wp-json\/wp\/v2\/pages\/2\/revisions"}],"predecessor-version":[{"id":977,"href":"https:\/\/www.dasaspottery.si\/en\/wp-json\/wp\/v2\/pages\/2\/revisions\/977"}],"wp:attachment":[{"href":"https:\/\/www.dasaspottery.si\/en\/wp-json\/wp\/v2\/media?parent=2"}],"curies":[{"name":"wp","href":"https:\/\/api.w.org\/{rel}","templated":true}]}}